{"id":12,"date":"2023-02-24T17:11:18","date_gmt":"2023-02-24T16:11:18","guid":{"rendered":"https:\/\/www.polesantemagellan.fr\/claire.prasloix\/?page_id=12"},"modified":"2023-05-07T14:37:37","modified_gmt":"2023-05-07T12:37:37","slug":"contact","status":"publish","type":"page","link":"https:\/\/www.polesantemagellan.fr\/claire.prasloix\/contact\/","title":{"rendered":"Contact"},"content":{"rendered":"<table style=\"border-collapse: collapse; width: 100%;\" border=\"1\">\n<tbody>\n<tr>\n<td style=\"width: 50%; vertical-align: top;\">\n<div style=\"background-color: #ddd9b9; border: 1px solid #555555; border-radius: 40px; padding: 10px; text-align: center;\"><a href=\"https:\/\/www.polesantemagellan.fr\/\"><strong>P\u00f4le sant\u00e9 Magellan<\/strong><\/a><br \/>\n4 Bd. boulevard Pochet Lagaye,\u00a0 Clermont-Ferrand<\/p>\n<div>\n<p><img loading=\"lazy\" decoding=\"async\" class=\"alignleft\" style=\"float: left; margin-left: 50px; width: 30px; height: 30px;\" src=\"https:\/\/www.polesantemagellan.fr\/claire.prasloix\/wp-content\/uploads\/2023\/02\/telephone.gif\" alt=\"\" width=\"30\" height=\"30\" \/><span style=\"font-size: 1.2em; margin-left: 30px;\">07 69 95 93 06<\/span><\/p>\n<p><a href=\"mailto:claire.prasloix@free.fr\"><img loading=\"lazy\" decoding=\"async\" class=\"wp-image-38 alignleft\" style=\"float: left; margin-left: 50px;\" src=\"https:\/\/www.polesantemagellan.fr\/claire.prasloix\/wp-content\/uploads\/2023\/02\/mail.gif\" alt=\"\" width=\"38\" height=\"31\" \/><\/a><span style=\"margin-left: 20px;\"><a href=\"mailto:claire.prasloix@free.fr\">claire.prasloix@free.fr<\/a><\/span><\/p>\n<h4 style=\"text-align: right;\"><a href=\"https:\/\/www.doctolib.fr\/psychologue\/lyon\/claire-prasloix\/\"><span style=\"color: #fff; background-color: #107aca; border-radius: 10px; padding: 5px;\">Prendre rendez vous<\/span><\/a><\/h4>\n<p><strong>Tarifs :<\/strong><\/p>\n<table style=\"border: 2px solid green;\">\n<tbody>\n<tr>\n<td style=\"border: 2px solid green;\">Consultation individuelle de psychologie<\/td>\n<td style=\"border: 2px solid green;\">60\u00a0\u20ac<\/td>\n<\/tr>\n<tr>\n<td style=\"border: 2px solid green;\">Test QI-WiscV\/WaisIV comprenant 2 ou 3 s\u00e9ances (entretien pr\u00e9alable\/passation\/restitution)<\/td>\n<td style=\"border: 2px solid green;\">300\u00a0\u20ac<\/td>\n<\/tr>\n<\/tbody>\n<\/table>\n<p style=\"margin-top: 20px; margin-left: 20px; font-weight: normal;\">Ad\u00e9li : 63 93 05085<\/p>\n<\/div>\n<\/div>\n<\/td>\n<td style=\"width: 50%;\">\n<div style=\"border: 1px solid #555; border-radius: 40px; padding: 20px;\">\n<p data-wp-editing=\"1\">Le <a href=\"https:\/\/www.polesantemagellan.fr\/\">P\u00f4le sant\u00e9 Magellan<\/a> regroupe plusieurs sp\u00e9cialit\u00e9s :<br \/>\n<span style=\"margin-left: 20px; margin-top: 10px; display: block;\">ergoth\u00e9rapie, ost\u00e9opathie, psychomotricit\u00e9, psychologie, naturopathie-r\u00e9flexologie, m\u00e9thode POYET poy\u00e9th\u00e9rapie, sophrologie, m\u00e9decine psychiatrique, di\u00e9t\u00e9tique.<br \/>\n<\/span><\/p>\n<p>&nbsp;<\/p>\n<p style=\"text-align: center; margin-top: -20px;\"><iframe loading=\"lazy\" style=\"border: 0;\" src=\"https:\/\/www.google.com\/maps\/embed?pb=!1m18!1m12!1m3!1d2783.386996772753!2d3.098117715469899!3d45.763433979105585!2m3!1f0!2f0!3f0!3m2!1i1024!2i768!4f13.1!3m3!1m2!1s0x47f71b8bc813835d%3A0x6898a249455dee8!2s4%20Bd%20Paul%20Pochet%20Lagaye%2C%2063000%20Clermont-Ferrand!5e0!3m2!1sfr!2sfr!4v1677079422690!5m2!1sfr!2sfr\" width=\"400\" height=\"300\" allowfullscreen=\"allowfullscreen\"><\/iframe><\/p>\n<\/div>\n<\/td>\n<\/tr>\n<\/tbody>\n<\/table>\n","protected":false},"excerpt":{"rendered":"<p>P\u00f4le sant\u00e9 Magellan 4 Bd. boulevard Pochet Lagaye,\u00a0 Clermont-Ferrand 07 69 95 93 06 claire.prasloix@free.fr Prendre rendez vous Tarifs : Consultation individuelle de psychologie 60\u00a0\u20ac Test QI-WiscV\/WaisIV comprenant 2 ou 3 s\u00e9ances (entretien pr\u00e9alable\/passation\/restitution) 300\u00a0\u20ac Ad\u00e9li : 63 93 05085 &hellip; <a href=\"https:\/\/www.polesantemagellan.fr\/claire.prasloix\/contact\/\">Continuer la lecture <span class=\"meta-nav\">&rarr;<\/span><\/a><\/p>\n","protected":false},"author":1,"featured_media":0,"parent":0,"menu_order":0,"comment_status":"closed","ping_status":"closed","template":"onecolumn-page.php","meta":{"footnotes":""},"class_list":["post-12","page","type-page","status-publish","hentry"],"_links":{"self":[{"href":"https:\/\/www.polesantemagellan.fr\/claire.prasloix\/wp-json\/wp\/v2\/pages\/12","targetHints":{"allow":["GET"]}}],"collection":[{"href":"https:\/\/www.polesantemagellan.fr\/claire.prasloix\/wp-json\/wp\/v2\/pages"}],"about":[{"href":"https:\/\/www.polesantemagellan.fr\/claire.prasloix\/wp-json\/wp\/v2\/types\/page"}],"author":[{"embeddable":true,"href":"https:\/\/www.polesantemagellan.fr\/claire.prasloix\/wp-json\/wp\/v2\/users\/1"}],"replies":[{"embeddable":true,"href":"https:\/\/www.polesantemagellan.fr\/claire.prasloix\/wp-json\/wp\/v2\/comments?post=12"}],"version-history":[{"count":7,"href":"https:\/\/www.polesantemagellan.fr\/claire.prasloix\/wp-json\/wp\/v2\/pages\/12\/revisions"}],"predecessor-version":[{"id":75,"href":"https:\/\/www.polesantemagellan.fr\/claire.prasloix\/wp-json\/wp\/v2\/pages\/12\/revisions\/75"}],"wp:attachment":[{"href":"https:\/\/www.polesantemagellan.fr\/claire.prasloix\/wp-json\/wp\/v2\/media?parent=12"}],"curies":[{"name":"wp","href":"https:\/\/api.w.org\/{rel}","templated":true}]}}