{"id":6,"date":"2023-02-24T17:03:57","date_gmt":"2023-02-24T16:03:57","guid":{"rendered":"https:\/\/www.polesantemagellan.fr\/claire.prasloix\/?page_id=6"},"modified":"2023-11-02T12:06:13","modified_gmt":"2023-11-02T11:06:13","slug":"accueil","status":"publish","type":"page","link":"https:\/\/www.polesantemagellan.fr\/claire.prasloix\/","title":{"rendered":"Accueil"},"content":{"rendered":"<div style=\"background: #ddd9b9; width: 800px; margin-top: 40px; margin-left: auto; margin-right: auto; -webkit-box-shadow: 7px 7px 5px -1px rgba(58,58,58,0.74); box-shadow: 7px 7px 5px -1px rgba(58,58,58,0.74); border: 1px solid #a5ac8f; border-radius: 10px; padding: 15px; text-align: center;\">\n<h2><strong>Dispositif sant\u00e9 psy \u00e9tudiant<\/strong><\/h2>\n<p>Le dispositif se poursuit sur l&rsquo;ann\u00e9e 2023. Vous pouvez encore en b\u00e9n\u00e9ficier<b><br \/>\nen visio-consultation, ou en pr\u00e9sentiel au p\u00f4le sant\u00e9 Magellan \u00e0 Clermont Ferrand.<\/b><\/p>\n<p>La prise de rendez-vous se fait directement sur ma page doctolib en s\u00e9lectionnant \u00ab\u00a0consultation vid\u00e9o\u00a0\u00bb la prise en charge restera la m\u00eame, vous n&rsquo;avez pas d&rsquo;honoraires \u00e0 r\u00e9gler.<\/p>\n<h4><a href=\"https:\/\/www.doctolib.fr\/psychologue\/lyon\/claire-prasloix\/\"><span style=\"color: #fff; background-color: #107aca; border-radius: 10px; padding: 5px;\">Prendre rendez vous<\/span><\/a><\/h4>\n<h2>________________________________<\/h2>\n<h2 style=\"color: #14ad00;\"><b>Evolution du dispositif de prise en charge des consultations psychologiques<\/b><\/h2>\n<p>Certaines consultations peuvent faire l&rsquo;objet d&rsquo;un remboursement par la s\u00e9curit\u00e9 sociale. <b>L&rsquo;ordonnance d&rsquo;adressage de votre m\u00e9decin est obligatoire<\/b>. Pour plus d&rsquo;informations :<br \/>\n<a href=\"https:\/\/monpsy.sante.gouv.fr\/\"><span style=\"color: #0055ff;\">https:\/\/monpsy.sante.gouv.fr\/<\/span><\/a><\/p>\n<p>A mon cabinet, vous pouvez b\u00e9n\u00e9ficier de consultations hors conventionnement, de visio-consultations et de consultations conventionn\u00e9es.<br \/>\nLors de la prise de rendez-vous, assurez-vous d&rsquo;avoir s\u00e9lectionn\u00e9 le bon motif.<br \/>\nActuellement il y a un d\u00e9lai d&rsquo;attente d&rsquo;environ 3 mois pour un premier rendez-vous.<\/p>\n<\/div>\n<p>&nbsp;<\/p>\n<h3 style=\"text-align: center;\"><a href=\"https:\/\/www.polesantemagellan.fr\/\"><strong>Au P\u00f4le sant\u00e9 Magellan<\/strong><\/a><br \/>\n4 Bd. boulevard Pochet Lagaye,\u00a0 Clermont-Ferrand<\/h3>\n<table style=\"border-collapse: collapse; width: 100%;\" border=\"1\">\n<tbody>\n<tr>\n<td style=\"width: 50%;\"><img loading=\"lazy\" decoding=\"async\" class=\"alignnone wp-image-85 size-full\" src=\"https:\/\/www.polesantemagellan.fr\/claire.prasloix\/wp-content\/uploads\/2023\/06\/IdentClaire.jpg\" alt=\"\" width=\"154\" height=\"180\" \/><\/td>\n<td style=\"width: 50%;\"><img loading=\"lazy\" decoding=\"async\" class=\"alignnone size-full wp-image-41\" src=\"https:\/\/www.polesantemagellan.fr\/claire.prasloix\/wp-content\/uploads\/2023\/02\/Vue-bureau-pluridisciplinaire.jpg\" alt=\"\" width=\"790\" height=\"426\" srcset=\"https:\/\/www.polesantemagellan.fr\/claire.prasloix\/wp-content\/uploads\/2023\/02\/Vue-bureau-pluridisciplinaire.jpg 790w, https:\/\/www.polesantemagellan.fr\/claire.prasloix\/wp-content\/uploads\/2023\/02\/Vue-bureau-pluridisciplinaire-300x162.jpg 300w, https:\/\/www.polesantemagellan.fr\/claire.prasloix\/wp-content\/uploads\/2023\/02\/Vue-bureau-pluridisciplinaire-768x414.jpg 768w\" sizes=\"auto, (max-width: 790px) 100vw, 790px\" \/><\/td>\n<\/tr>\n<\/tbody>\n<\/table>\n<h3 style=\"text-align: center;\"><\/h3>\n<p>je propose :<\/p>\n<div style=\"line-height: 1.5em; width: 800px; border: 1px solid #a5ac8f; background-color: #ddd9b9; border-radius: 20px; text-align: center; margin-top: 50px; padding: 15px;\">\n<h2><strong>Suivis psychologiques<\/strong><\/h2>\n<p>adultes, adolescents, enfants.<\/p>\n<p style=\"padding: 5px; margin-left: 400px; border: 1px solid #a5ac8f; display: inline; border-radius: 5px;\"><a href=\"https:\/\/www.polesantemagellan.fr\/claire.prasloix\/suivi-psychologique\/\"><i><b>En savoir plus&#8230;<\/b><\/i><\/a><\/p>\n<\/div>\n<div style=\"line-height: 1.5em; width: 800px; border: 1px solid #a5ac8f; background-color: #ddd9b9; border-radius: 20px; margin-top: 50px; text-align: center; padding: 15px;\">\n<h2><strong>Bilans psychologiques<\/strong><\/h2>\n<p>\u00e0 partir de 6 ans.<\/p>\n<p style=\"margin-left: 0px;\">Tests utilis\u00e9s :<br \/>\n<b>WAIS-IV &#8211; WISC-V<\/b> &#8211; test attentionnel <b>TEA-CH<\/b><\/p>\n<p><a href=\"https:\/\/www.polesantemagellan.fr\/claire.prasloix\/bilan-psychologique\/\"><span style=\"padding: 5px; margin-left: 400px; border: 1px solid #a5ac8f; display: inline; border-radius: 5px;\"><i><b>En savoir plus&#8230;<\/b><\/i><\/span><\/a><\/p>\n<\/div>\n<div style=\"line-height: 1.5em; padding: 15px; width: 800px; border: 1px solid #a5ac8f; border-radius: 10px; margin-top: 50px; margin-left: 10px; text-align: center;\">\n<p>&nbsp;<\/p>\n<p><strong>Ma formation<\/strong><\/p>\n<p>Universit\u00e9 Ren\u00e9 Descartes-Paris V, <i>&#8211; Master 2 \u2013 Psychologie clinique et du d\u00e9veloppement.<\/i><\/p>\n<p>Universit\u00e9 Pierre et Marie Curie, Paris VI<br \/>\n<i>&#8211; Dipl\u00f4me de neuropsychologie, approche clinique et th\u00e9orique, juin 2009<\/i><\/p>\n<p>Universit\u00e9 Claude Bernard Lyon 1<br \/>\n<i>&#8211; Dipl\u00f4me de Neuropsychopathologie des apprentissages scolaires <\/i><br \/>\n<span style=\"font-size: 0.8em;\">(sous la direction des Dr Olivier Revol et Pr Pierre Fourneret)<\/span><\/p>\n<p>Depuis 2011, j\u2019exerce en milieu hospitalier et j\u2019ai une pratique lib\u00e9rale depuis 10 ans.<\/p>\n<\/div>\n","protected":false},"excerpt":{"rendered":"<p>Dispositif sant\u00e9 psy \u00e9tudiant Le dispositif se poursuit sur l&rsquo;ann\u00e9e 2023. Vous pouvez encore en b\u00e9n\u00e9ficier en visio-consultation, ou en pr\u00e9sentiel au p\u00f4le sant\u00e9 Magellan \u00e0 Clermont Ferrand. La prise de rendez-vous se fait directement sur ma page doctolib en &hellip; <a href=\"https:\/\/www.polesantemagellan.fr\/claire.prasloix\/\">Continuer la lecture <span class=\"meta-nav\">&rarr;<\/span><\/a><\/p>\n","protected":false},"author":1,"featured_media":0,"parent":0,"menu_order":0,"comment_status":"closed","ping_status":"closed","template":"onecolumn-page.php","meta":{"footnotes":""},"class_list":["post-6","page","type-page","status-publish","hentry"],"_links":{"self":[{"href":"https:\/\/www.polesantemagellan.fr\/claire.prasloix\/wp-json\/wp\/v2\/pages\/6","targetHints":{"allow":["GET"]}}],"collection":[{"href":"https:\/\/www.polesantemagellan.fr\/claire.prasloix\/wp-json\/wp\/v2\/pages"}],"about":[{"href":"https:\/\/www.polesantemagellan.fr\/claire.prasloix\/wp-json\/wp\/v2\/types\/page"}],"author":[{"embeddable":true,"href":"https:\/\/www.polesantemagellan.fr\/claire.prasloix\/wp-json\/wp\/v2\/users\/1"}],"replies":[{"embeddable":true,"href":"https:\/\/www.polesantemagellan.fr\/claire.prasloix\/wp-json\/wp\/v2\/comments?post=6"}],"version-history":[{"count":21,"href":"https:\/\/www.polesantemagellan.fr\/claire.prasloix\/wp-json\/wp\/v2\/pages\/6\/revisions"}],"predecessor-version":[{"id":89,"href":"https:\/\/www.polesantemagellan.fr\/claire.prasloix\/wp-json\/wp\/v2\/pages\/6\/revisions\/89"}],"wp:attachment":[{"href":"https:\/\/www.polesantemagellan.fr\/claire.prasloix\/wp-json\/wp\/v2\/media?parent=6"}],"curies":[{"name":"wp","href":"https:\/\/api.w.org\/{rel}","templated":true}]}}