{"id":8,"date":"2023-02-24T17:07:45","date_gmt":"2023-02-24T16:07:45","guid":{"rendered":"https:\/\/www.polesantemagellan.fr\/claire.prasloix\/?page_id=8"},"modified":"2023-11-02T12:03:50","modified_gmt":"2023-11-02T11:03:50","slug":"autres-champs-dintervention","status":"publish","type":"page","link":"https:\/\/www.polesantemagellan.fr\/claire.prasloix\/autres-champs-dintervention\/","title":{"rendered":"Autres champs d&rsquo;intervention"},"content":{"rendered":"<h2><strong>Sensibilisation aux conduites addictives<\/strong><\/h2>\n<div style=\"position: relative; padding: 20px; width: 800px; border: 2px solid #a5ac8f; border-radius: 40px; margin-top: 30px; margin-left: 10px; line-height: 1.5em;\">\n<h2 style=\"text-align: center;\"><strong>Savoir dire NON !<\/strong><\/h2>\n<p style=\"text-align: left;\">Action de pr\u00e9vention par d\u00e9finition, cette action a pour objectif de faire prendre conscience aux ados que le regard du groupe n&rsquo;est pas forc\u00e9ment celui que l&rsquo;on pense; que refuser la 1\u00e8re cigarette ou un verre d&rsquo;alcool n&rsquo;est pas d\u00e9valorisant mais d\u00e9montre au contraire sa personnalit\u00e9; qu&rsquo;accepter par mim\u00e9tisme permet de se faire accepter est une contre-v\u00e9rit\u00e9; que chacun dispose de son propre libre-arbitre et que \u00ab\u00a0dire Non\u00a0\u00bb peut permettre au contraire de s&rsquo;affirmer!<\/p>\n<\/div>\n<p>&nbsp;<\/p>\n<h2><strong>Les diff\u00e9rents troubles des apprentissages<\/strong><\/h2>\n<div style=\"position: relative; padding: 20px; width: 800px; border: 2px solid #a5ac8f; border-radius: 40px; margin-top: 30px; margin-left: 10px; line-height: 1.5em;\">\n<h3 style=\"text-align: center;\"><strong>L\u2019enfant \u00e0 haut potentiel intellectuel (HPI) et les diff\u00e9rents profils<\/strong><\/h3>\n<p>Entre 2 et 5 enfants sur 100 ont un haut potentiel intellectuel. Un tiers d\u2019entre eux sont en \u00e9chec scolaire.<\/p>\n<p>En France par exemple, pr\u00e8s de la moiti\u00e9 d\u2019entre eux redoublent au moins une classe, 33% sont en situation d\u2019\u00e9chec et 17 % font des \u00e9tudes difficiles.<\/p>\n<p>Des scores \u00e9lev\u00e9s sur un test de QI font partie des indicateurs indispensables pour \u00e9tablir un diagnostic de haut potentiel.<\/p>\n<\/div>\n<p>&nbsp;<\/p>\n<div style=\"position: relative; padding: 20px; width: 800px; border: 2px solid #a5ac8f; border-radius: 40px; margin-top: 30px; margin-left: 10px; line-height: 1.5em;\">\n<h3 style=\"text-align: center;\"><strong>Les troubles \u00ab\u00a0dys\u00a0\u00bb<\/strong><\/h3>\n<p>Les principaux troubles des apprentissages sont :<\/p>\n<p>&#8211; la dyslexie (trouble sp\u00e9cifique de la lecture)<\/p>\n<p>&#8211; la dyspraxie (trouble du d\u00e9veloppement moteur et de l\u2019\u00e9criture)<\/p>\n<p>&#8211; la dyscalculie (trouble des activit\u00e9s num\u00e9riques), la dysphasie(trouble du langage oral) et les troubles de l\u2019attention.<\/p>\n<p>Ces troubles sont durables, mais leur prise en charge permet d\u2019am\u00e9liorer et\/ou de compenser les fonctions d\u00e9ficientes.<\/p>\n<\/div>\n<p>&nbsp;<\/p>\n<div style=\"position: relative; padding: 20px; width: 800px; border: 2px solid #a5ac8f; border-radius: 40px; margin-top: 30px; margin-left: 10px; line-height: 1.5em;\">\n<h3 style=\"text-align: center;\"><strong>Les difficult\u00e9s et troubles de l&rsquo;attention<\/strong><\/h3>\n<div>\n<p>En classe comme \u00e0 la maison, on rappelle souvent \u00e0 l&rsquo;enfant de \u00ab\u00a0faire attention\u00a0\u00bb.<br \/>\nPar sa demande, l&rsquo;adulte s&rsquo;attend le plus souvent \u00e0 ce que l&rsquo;enfant am\u00e9liore la gestion de son comportement, par exemple en augmentant l&rsquo;exactitude de sa production tout en maintenant une bonne vitesse d&rsquo;ex\u00e9cution.<\/p>\n<p>Mais pour l&rsquo;enfant, \u00ab\u00a0faire attention\u00a0\u00bb \u00e0 ne pas faire de fautes d&rsquo;orthographes, \u00e0 ne pas d\u00e9passer de la ligne, \u00e0 retenir la r\u00e8gle qui vient de lui \u00eatre enseign\u00e9es, ou ne pas oublier son sac d&rsquo;\u00e9cole, implique des composantes attentionnelles et de m\u00e9morisation bien diff\u00e9rente les unes des autres. Ce qui est rarement per\u00e7u par les adultes.<\/p>\n<p>Il est donc important de conna\u00eetre les comp\u00e9tences particuli\u00e8res de l&rsquo;enfant \u00e0 pouvoir mobiliser ces diff\u00e9rentes composantes d&rsquo;attention et de m\u00e9morisation.<br \/>\nUn enfant peut pr\u00e9senter un simple retard dans l&rsquo;acquisition et l&rsquo;utilisation de ces composantes ou bien souffrir d&rsquo;un r\u00e9el trouble attentionnel (TDA\/H), dont la prise en charge sera diff\u00e9rente.<\/p>\n<p>Les bilans cognitifs peuvent contribuer au d\u00e9pistage de ces troubles.<\/p>\n<\/div>\n<\/div>\n","protected":false},"excerpt":{"rendered":"<p>Sensibilisation aux conduites addictives Savoir dire NON ! Action de pr\u00e9vention par d\u00e9finition, cette action a pour objectif de faire prendre conscience aux ados que le regard du groupe n&rsquo;est pas forc\u00e9ment celui que l&rsquo;on pense; que refuser la 1\u00e8re &hellip; <a href=\"https:\/\/www.polesantemagellan.fr\/claire.prasloix\/autres-champs-dintervention\/\">Continuer la lecture <span class=\"meta-nav\">&rarr;<\/span><\/a><\/p>\n","protected":false},"author":1,"featured_media":0,"parent":0,"menu_order":0,"comment_status":"closed","ping_status":"closed","template":"onecolumn-page.php","meta":{"footnotes":""},"class_list":["post-8","page","type-page","status-publish","hentry"],"_links":{"self":[{"href":"https:\/\/www.polesantemagellan.fr\/claire.prasloix\/wp-json\/wp\/v2\/pages\/8","targetHints":{"allow":["GET"]}}],"collection":[{"href":"https:\/\/www.polesantemagellan.fr\/claire.prasloix\/wp-json\/wp\/v2\/pages"}],"about":[{"href":"https:\/\/www.polesantemagellan.fr\/claire.prasloix\/wp-json\/wp\/v2\/types\/page"}],"author":[{"embeddable":true,"href":"https:\/\/www.polesantemagellan.fr\/claire.prasloix\/wp-json\/wp\/v2\/users\/1"}],"replies":[{"embeddable":true,"href":"https:\/\/www.polesantemagellan.fr\/claire.prasloix\/wp-json\/wp\/v2\/comments?post=8"}],"version-history":[{"count":4,"href":"https:\/\/www.polesantemagellan.fr\/claire.prasloix\/wp-json\/wp\/v2\/pages\/8\/revisions"}],"predecessor-version":[{"id":88,"href":"https:\/\/www.polesantemagellan.fr\/claire.prasloix\/wp-json\/wp\/v2\/pages\/8\/revisions\/88"}],"wp:attachment":[{"href":"https:\/\/www.polesantemagellan.fr\/claire.prasloix\/wp-json\/wp\/v2\/media?parent=8"}],"curies":[{"name":"wp","href":"https:\/\/api.w.org\/{rel}","templated":true}]}}